{"id":17357,"date":"2025-09-30T15:28:29","date_gmt":"2025-09-30T13:28:29","guid":{"rendered":"https:\/\/new.jamonlovers.es\/?page_id=17357"},"modified":"2025-09-30T16:21:13","modified_gmt":"2025-09-30T14:21:13","slug":"mundo-jamon-lovers-2","status":"publish","type":"page","link":"https:\/\/new.jamonlovers.es\/?page_id=17357","title":{"rendered":"Mundo jam\u00f3n lovers"},"content":{"rendered":"<p>[et_pb_section fb_built=\u00bb1&#8243; _builder_version=\u00bb4.27.4&#8243; _module_preset=\u00bbdefault\u00bb global_colors_info=\u00bb{}\u00bb][et_pb_row column_structure=\u00bb1_2,1_4,1_4&#8243; _builder_version=\u00bb4.27.4&#8243; _module_preset=\u00bbdefault\u00bb global_colors_info=\u00bb{}\u00bb][et_pb_column type=\u00bb1_2&#8243; _builder_version=\u00bb4.27.4&#8243; _module_preset=\u00bbdefault\u00bb global_colors_info=\u00bb{}\u00bb][et_pb_blog fullwidth=\u00bboff\u00bb posts_number=\u00bb1&#8243; include_categories=\u00bb9&#8243; use_manual_excerpt=\u00bboff\u00bb excerpt_length=\u00bb0&#8243; show_date=\u00bboff\u00bb show_pagination=\u00bboff\u00bb _builder_version=\u00bb4.27.4&#8243; _module_preset=\u00bbdefault\u00bb header_level=\u00bbh3&#8243; header_font=\u00bbRoboto Condensed|&#8211;et_global_body_font_weight||on|||||\u00bb header_font_size=\u00bb17px\u00bb meta_font=\u00bbRoboto Condensed|&#8211;et_global_body_font_weight|||||||\u00bb meta_text_color=\u00bb#B01F1F\u00bb border_width_all=\u00bb0px\u00bb global_colors_info=\u00bb{}\u00bb][\/et_pb_blog][\/et_pb_column][et_pb_column type=\u00bb1_4&#8243; _builder_version=\u00bb4.27.4&#8243; _module_preset=\u00bbdefault\u00bb global_colors_info=\u00bb{}\u00bb][et_pb_blog fullwidth=\u00bboff\u00bb posts_number=\u00bb1&#8243; include_categories=\u00bb9&#8243; use_manual_excerpt=\u00bboff\u00bb excerpt_length=\u00bb0&#8243; show_date=\u00bboff\u00bb show_pagination=\u00bboff\u00bb _builder_version=\u00bb4.27.4&#8243; _module_preset=\u00bbdefault\u00bb header_level=\u00bbh3&#8243; header_font=\u00bbRoboto Condensed|&#8211;et_global_body_font_weight||on|||||\u00bb header_font_size=\u00bb17px\u00bb meta_font=\u00bbRoboto Condensed|&#8211;et_global_body_font_weight|||||||\u00bb meta_text_color=\u00bb#B01F1F\u00bb border_width_all=\u00bb0px\u00bb global_colors_info=\u00bb{}\u00bb][\/et_pb_blog][et_pb_blog fullwidth=\u00bboff\u00bb posts_number=\u00bb1&#8243; include_categories=\u00bb9&#8243; use_manual_excerpt=\u00bboff\u00bb excerpt_length=\u00bb0&#8243; show_date=\u00bboff\u00bb show_pagination=\u00bboff\u00bb _builder_version=\u00bb4.27.4&#8243; _module_preset=\u00bbdefault\u00bb header_level=\u00bbh3&#8243; header_font=\u00bbRoboto Condensed|&#8211;et_global_body_font_weight||on|||||\u00bb header_font_size=\u00bb17px\u00bb meta_font=\u00bbRoboto Condensed|&#8211;et_global_body_font_weight|||||||\u00bb meta_text_color=\u00bb#B01F1F\u00bb border_width_all=\u00bb0px\u00bb global_colors_info=\u00bb{}\u00bb][\/et_pb_blog][\/et_pb_column][et_pb_column type=\u00bb1_4&#8243; _builder_version=\u00bb4.27.4&#8243; _module_preset=\u00bbdefault\u00bb global_colors_info=\u00bb{}\u00bb][et_pb_blog fullwidth=\u00bboff\u00bb posts_number=\u00bb1&#8243; include_categories=\u00bb9&#8243; use_manual_excerpt=\u00bboff\u00bb excerpt_length=\u00bb0&#8243; show_date=\u00bboff\u00bb show_pagination=\u00bboff\u00bb _builder_version=\u00bb4.27.4&#8243; _module_preset=\u00bbdefault\u00bb header_level=\u00bbh3&#8243; header_font=\u00bbRoboto Condensed|&#8211;et_global_body_font_weight||on|||||\u00bb header_font_size=\u00bb17px\u00bb meta_font=\u00bbRoboto Condensed|&#8211;et_global_body_font_weight|||||||\u00bb meta_text_color=\u00bb#B01F1F\u00bb border_width_all=\u00bb0px\u00bb global_colors_info=\u00bb{}\u00bb][\/et_pb_blog][et_pb_blog fullwidth=\u00bboff\u00bb posts_number=\u00bb1&#8243; include_categories=\u00bb9&#8243; use_manual_excerpt=\u00bboff\u00bb excerpt_length=\u00bb0&#8243; show_date=\u00bboff\u00bb show_pagination=\u00bboff\u00bb _builder_version=\u00bb4.27.4&#8243; _module_preset=\u00bbdefault\u00bb header_level=\u00bbh3&#8243; header_font=\u00bbRoboto Condensed|&#8211;et_global_body_font_weight||on|||||\u00bb header_font_size=\u00bb17px\u00bb meta_font=\u00bbRoboto Condensed|&#8211;et_global_body_font_weight|||||||\u00bb meta_text_color=\u00bb#B01F1F\u00bb border_width_all=\u00bb0px\u00bb global_colors_info=\u00bb{}\u00bb][\/et_pb_blog][\/et_pb_column][\/et_pb_row][\/et_pb_section][et_pb_section fb_built=\u00bb1&#8243; _builder_version=\u00bb4.27.4&#8243; _module_preset=\u00bbdefault\u00bb global_colors_info=\u00bb{}\u00bb][et_pb_row _builder_version=\u00bb4.27.4&#8243; _module_preset=\u00bbdefault\u00bb global_colors_info=\u00bb{}\u00bb][et_pb_column type=\u00bb4_4&#8243; _builder_version=\u00bb4.27.4&#8243; _module_preset=\u00bbdefault\u00bb global_colors_info=\u00bb{}\u00bb][et_pb_text _builder_version=\u00bb4.27.4&#8243; _module_preset=\u00bbdefault\u00bb header_2_font=\u00bb|600||on|||||\u00bb header_2_text_color=\u00bb#434343&#8243; border_width_bottom=\u00bb4px\u00bb border_color_bottom=\u00bb#434343&#8243; global_colors_info=\u00bb{}\u00bb]<\/p>\n<h2>Mundo cortador<\/h2>\n<p>[\/et_pb_text][\/et_pb_column][\/et_pb_row][et_pb_row column_structure=\u00bb1_3,1_3,1_3&#8243; _builder_version=\u00bb4.27.4&#8243; _module_preset=\u00bbdefault\u00bb custom_padding=\u00bb|0px||||\u00bb global_colors_info=\u00bb{}\u00bb][et_pb_column type=\u00bb1_3&#8243; _builder_version=\u00bb4.27.4&#8243; _module_preset=\u00bbdefault\u00bb global_colors_info=\u00bb{}\u00bb][et_pb_blog fullwidth=\u00bboff\u00bb posts_number=\u00bb2&#8243; include_categories=\u00bb9&#8243; _builder_version=\u00bb4.27.4&#8243; _module_preset=\u00bbdefault\u00bb border_width_all=\u00bb0px\u00bb global_colors_info=\u00bb{}\u00bb][\/et_pb_blog][\/et_pb_column][et_pb_column type=\u00bb1_3&#8243; _builder_version=\u00bb4.27.4&#8243; _module_preset=\u00bbdefault\u00bb global_colors_info=\u00bb{}\u00bb][et_pb_sidebar _builder_version=\u00bb4.27.4&#8243; _module_preset=\u00bbdefault\u00bb global_colors_info=\u00bb{}\u00bb][\/et_pb_sidebar][\/et_pb_column][et_pb_column type=\u00bb1_3&#8243; _builder_version=\u00bb4.27.4&#8243; _module_preset=\u00bbdefault\u00bb global_colors_info=\u00bb{}\u00bb][\/et_pb_column][\/et_pb_row][et_pb_row _builder_version=\u00bb4.27.4&#8243; _module_preset=\u00bbdefault\u00bb custom_padding=\u00bb|87px||||\u00bb global_colors_info=\u00bb{}\u00bb][et_pb_column type=\u00bb4_4&#8243; _builder_version=\u00bb4.27.4&#8243; _module_preset=\u00bbdefault\u00bb global_colors_info=\u00bb{}\u00bb][et_pb_blog fullwidth=\u00bboff\u00bb posts_number=\u00bb2&#8243; include_categories=\u00bb9&#8243; _builder_version=\u00bb4.27.4&#8243; _module_preset=\u00bbdefault\u00bb border_width_all=\u00bb0px\u00bb global_colors_info=\u00bb{}\u00bb][\/et_pb_blog][\/et_pb_column][\/et_pb_row][\/et_pb_section]<\/p>\n","protected":false},"excerpt":{"rendered":"<p>Mundo cortador<\/p>\n","protected":false},"author":1,"featured_media":0,"parent":0,"menu_order":0,"comment_status":"closed","ping_status":"closed","template":"","meta":{"_et_pb_use_builder":"on","_et_pb_old_content":"","_et_gb_content_width":"","footnotes":""},"class_list":["post-17357","page","type-page","status-publish","hentry"],"aioseo_notices":[],"yoast_head":"<!-- This site is optimized with the Yoast SEO plugin v26.3 - https:\/\/yoast.com\/wordpress\/plugins\/seo\/ -->\n<title>Mundo jam\u00f3n lovers - Jamon Lovers<\/title>\n<meta name=\"robots\" content=\"index, follow, max-snippet:-1, max-image-preview:large, max-video-preview:-1\" \/>\n<link rel=\"canonical\" href=\"https:\/\/new.jamonlovers.es\/?page_id=17357\" \/>\n<meta property=\"og:locale\" content=\"es_ES\" \/>\n<meta property=\"og:type\" content=\"article\" \/>\n<meta property=\"og:title\" content=\"Mundo jam\u00f3n lovers - Jamon Lovers\" \/>\n<meta property=\"og:description\" content=\"Mundo cortador\" \/>\n<meta property=\"og:url\" content=\"https:\/\/new.jamonlovers.es\/?page_id=17357\" \/>\n<meta property=\"og:site_name\" content=\"Jamon Lovers\" \/>\n<meta property=\"article:modified_time\" content=\"2025-09-30T14:21:13+00:00\" \/>\n<meta name=\"twitter:card\" content=\"summary_large_image\" \/>\n<meta name=\"twitter:label1\" content=\"Tiempo de lectura\" \/>\n\t<meta name=\"twitter:data1\" content=\"3 minutos\" \/>\n<script type=\"application\/ld+json\" class=\"yoast-schema-graph\">{\"@context\":\"https:\/\/schema.org\",\"@graph\":[{\"@type\":\"WebPage\",\"@id\":\"https:\/\/new.jamonlovers.es\/?page_id=17357\",\"url\":\"https:\/\/new.jamonlovers.es\/?page_id=17357\",\"name\":\"Mundo jam\u00f3n lovers - Jamon Lovers\",\"isPartOf\":{\"@id\":\"https:\/\/new.jamonlovers.es\/#website\"},\"datePublished\":\"2025-09-30T13:28:29+00:00\",\"dateModified\":\"2025-09-30T14:21:13+00:00\",\"breadcrumb\":{\"@id\":\"https:\/\/new.jamonlovers.es\/?page_id=17357#breadcrumb\"},\"inLanguage\":\"es\",\"potentialAction\":[{\"@type\":\"ReadAction\",\"target\":[\"https:\/\/new.jamonlovers.es\/?page_id=17357\"]}]},{\"@type\":\"BreadcrumbList\",\"@id\":\"https:\/\/new.jamonlovers.es\/?page_id=17357#breadcrumb\",\"itemListElement\":[{\"@type\":\"ListItem\",\"position\":1,\"name\":\"Portada\",\"item\":\"https:\/\/new.jamonlovers.es\/\"},{\"@type\":\"ListItem\",\"position\":2,\"name\":\"Mundo jam\u00f3n lovers\"}]},{\"@type\":\"WebSite\",\"@id\":\"https:\/\/new.jamonlovers.es\/#website\",\"url\":\"https:\/\/new.jamonlovers.es\/\",\"name\":\"Jamon Lovers\",\"description\":\"Nuestra misi\u00f3n es conectar a las personas con el mundo del jam\u00f3n. Aprende sobre el jam\u00f3n, sus tipolog\u00edas, diferencias, noticias, tutoriales y curiosidades... todo sobre jam\u00f3n, jam\u00f3n serrano, jam\u00f3n ib\u00e9rico...\",\"potentialAction\":[{\"@type\":\"SearchAction\",\"target\":{\"@type\":\"EntryPoint\",\"urlTemplate\":\"https:\/\/new.jamonlovers.es\/?s={search_term_string}\"},\"query-input\":{\"@type\":\"PropertyValueSpecification\",\"valueRequired\":true,\"valueName\":\"search_term_string\"}}],\"inLanguage\":\"es\"}]}<\/script>\n<!-- \/ Yoast SEO plugin. -->","yoast_head_json":{"title":"Mundo jam\u00f3n lovers - Jamon Lovers","robots":{"index":"index","follow":"follow","max-snippet":"max-snippet:-1","max-image-preview":"max-image-preview:large","max-video-preview":"max-video-preview:-1"},"canonical":"https:\/\/new.jamonlovers.es\/?page_id=17357","og_locale":"es_ES","og_type":"article","og_title":"Mundo jam\u00f3n lovers - Jamon Lovers","og_description":"Mundo cortador","og_url":"https:\/\/new.jamonlovers.es\/?page_id=17357","og_site_name":"Jamon Lovers","article_modified_time":"2025-09-30T14:21:13+00:00","twitter_card":"summary_large_image","twitter_misc":{"Tiempo de lectura":"3 minutos"},"schema":{"@context":"https:\/\/schema.org","@graph":[{"@type":"WebPage","@id":"https:\/\/new.jamonlovers.es\/?page_id=17357","url":"https:\/\/new.jamonlovers.es\/?page_id=17357","name":"Mundo jam\u00f3n lovers - Jamon Lovers","isPartOf":{"@id":"https:\/\/new.jamonlovers.es\/#website"},"datePublished":"2025-09-30T13:28:29+00:00","dateModified":"2025-09-30T14:21:13+00:00","breadcrumb":{"@id":"https:\/\/new.jamonlovers.es\/?page_id=17357#breadcrumb"},"inLanguage":"es","potentialAction":[{"@type":"ReadAction","target":["https:\/\/new.jamonlovers.es\/?page_id=17357"]}]},{"@type":"BreadcrumbList","@id":"https:\/\/new.jamonlovers.es\/?page_id=17357#breadcrumb","itemListElement":[{"@type":"ListItem","position":1,"name":"Portada","item":"https:\/\/new.jamonlovers.es\/"},{"@type":"ListItem","position":2,"name":"Mundo jam\u00f3n lovers"}]},{"@type":"WebSite","@id":"https:\/\/new.jamonlovers.es\/#website","url":"https:\/\/new.jamonlovers.es\/","name":"Jamon Lovers","description":"Nuestra misi\u00f3n es conectar a las personas con el mundo del jam\u00f3n. Aprende sobre el jam\u00f3n, sus tipolog\u00edas, diferencias, noticias, tutoriales y curiosidades... todo sobre jam\u00f3n, jam\u00f3n serrano, jam\u00f3n ib\u00e9rico...","potentialAction":[{"@type":"SearchAction","target":{"@type":"EntryPoint","urlTemplate":"https:\/\/new.jamonlovers.es\/?s={search_term_string}"},"query-input":{"@type":"PropertyValueSpecification","valueRequired":true,"valueName":"search_term_string"}}],"inLanguage":"es"}]}},"_links":{"self":[{"href":"https:\/\/new.jamonlovers.es\/index.php?rest_route=\/wp\/v2\/pages\/17357","targetHints":{"allow":["GET"]}}],"collection":[{"href":"https:\/\/new.jamonlovers.es\/index.php?rest_route=\/wp\/v2\/pages"}],"about":[{"href":"https:\/\/new.jamonlovers.es\/index.php?rest_route=\/wp\/v2\/types\/page"}],"author":[{"embeddable":true,"href":"https:\/\/new.jamonlovers.es\/index.php?rest_route=\/wp\/v2\/users\/1"}],"replies":[{"embeddable":true,"href":"https:\/\/new.jamonlovers.es\/index.php?rest_route=%2Fwp%2Fv2%2Fcomments&post=17357"}],"version-history":[{"count":9,"href":"https:\/\/new.jamonlovers.es\/index.php?rest_route=\/wp\/v2\/pages\/17357\/revisions"}],"predecessor-version":[{"id":17371,"href":"https:\/\/new.jamonlovers.es\/index.php?rest_route=\/wp\/v2\/pages\/17357\/revisions\/17371"}],"wp:attachment":[{"href":"https:\/\/new.jamonlovers.es\/index.php?rest_route=%2Fwp%2Fv2%2Fmedia&parent=17357"}],"curies":[{"name":"wp","href":"https:\/\/api.w.org\/{rel}","templated":true}]}}