{"id":16708,"date":"2024-09-03T09:00:34","date_gmt":"2024-09-03T09:00:34","guid":{"rendered":"https:\/\/new.jamonlovers.es\/index.php\/event-organizers\/"},"modified":"2024-09-03T09:00:34","modified_gmt":"2024-09-03T09:00:34","slug":"event-organizers","status":"publish","type":"page","link":"https:\/\/new.jamonlovers.es\/?page_id=16708","title":{"rendered":"Event Organizers"},"content":{"rendered":"<div class=\"emagic\">\r\n<div class=\"ep-organizers-container ep-mb-5\" id=\"ep-organizers-container\">\r\n<form id=\"ep_organizer_search_form\" class=\"ep-box-wrap ep-box-search-form ep-box-bottom ep-mb-4\" name=\"ep_organizer_search_form\" action=\"\">\r\n    <div class=\"ep-bg-light ep-border ep-rounded ep-px-3\">\r\n    <div class=\"ep-box-row\">\r\n        <div class=\"ep-box-col-8 ep-py-3 ep-position-relative\">\r\n            <div class=\"ep-input-group\">\r\n                <span class=\"ep-input-group-text ep-bg-white ep-text-muted\">\r\n                    <span class=\"material-icons-outlined\">search<\/span>\r\n                <\/span>\r\n                <input type=\"hidden\" name=\"ep_search\" value=\"1\" \/>\r\n                <input placeholder=\"Keyword\" class=\"ep-form-control ep-form-control-sm ep-border-start-0\" type=\"text\" name=\"keyword\" id=\"ep_keyword\" value=\"\" \/>  \r\n                <input class=\"ep-btn ep-btn-dark ep-btn-sm\" type=\"submit\" value=\"Search\"\/>\r\n            <\/div>\r\n        <\/div>\r\n        <div class=\"ep-box-col-4 ep-event-filter-block ep-text-item-right ep-d-inline-flex ep-align-items-center\">\r\n                    <\/div>\r\n    <\/div>\r\n    <\/div>\r\n<\/form>\r\n    <div class=\"em_organizers dbfl\">\r\n        <div class=\"ep-event-organizers-card-container ep-box-wrap\">\r\n            <div id=\"ep-event-organizers-loader-section\" class=\"ep-px-3 ep-box-row ep-box-top ep-organizer-card-wrap \">\r\n                    <div class=\"ep-box-col-3 ep-col-md-6 ep-mb-3 ep-organizer-col-section\">\r\n        <div class=\"ep-box-card-item ep-bg-white\">\r\n            <div class=\"ep-box-card-thumb\" >\r\n                <a href=\"https:\/\/new.jamonlovers.es\/?page_id=16708&#038;organizer=2278\" class=\"ep-img-link\">\r\n                    <img decoding=\"async\" src=\"https:\/\/new.jamonlovers.es\/wp-content\/plugins\/eventprime-event-calendar-management\/public\/partials\/images\/dummy-user.png\" alt=\"Dummy Image\">\r\n                <\/a>\r\n                                    <div class=\"ep-box-card-social ep-organizers-social\">                    <\/div>            <\/div>\r\n            <div class=\"ep-box-card-content\">\r\n                <div class=\"ep-box-title ep-box-card-title\">\r\n                    <a href=\"https:\/\/new.jamonlovers.es\/?page_id=16708&#038;organizer=2278\">\r\n                        FERIA DEL JAM\u00d3N DE TERUEL                    <\/a>\r\n                <\/div>\r\n                <div class=\"ep-box-card-role ep-organizer-role\"><\/div>\r\n            <\/div>\r\n        <\/div>\r\n    <\/div>\r\n    <div class=\"ep-box-col-3 ep-col-md-6 ep-mb-3 ep-organizer-col-section\">\r\n        <div class=\"ep-box-card-item ep-bg-white\">\r\n            <div class=\"ep-box-card-thumb\" >\r\n                <a href=\"https:\/\/new.jamonlovers.es\/?page_id=16708&#038;organizer=2277\" class=\"ep-img-link\">\r\n                    <img decoding=\"async\" src=\"https:\/\/new.jamonlovers.es\/wp-content\/plugins\/eventprime-event-calendar-management\/public\/partials\/images\/dummy-user.png\" alt=\"Dummy Image\">\r\n                <\/a>\r\n                                    <div class=\"ep-box-card-social ep-organizers-social\">                    <\/div>            <\/div>\r\n            <div class=\"ep-box-card-content\">\r\n                <div class=\"ep-box-title ep-box-card-title\">\r\n                    <a href=\"https:\/\/new.jamonlovers.es\/?page_id=16708&#038;organizer=2277\">\r\n                        VIII CONCURSO DE CORTADORES DE JAM\u00d3N BADAJOZ                    <\/a>\r\n                <\/div>\r\n                <div class=\"ep-box-card-role ep-organizer-role\"><\/div>\r\n            <\/div>\r\n        <\/div>\r\n    <\/div>\r\n    <div class=\"ep-box-col-3 ep-col-md-6 ep-mb-3 ep-organizer-col-section\">\r\n        <div class=\"ep-box-card-item ep-bg-white\">\r\n            <div class=\"ep-box-card-thumb\" >\r\n                <a href=\"https:\/\/new.jamonlovers.es\/?page_id=16708&#038;organizer=2276\" class=\"ep-img-link\">\r\n                    <img decoding=\"async\" src=\"https:\/\/new.jamonlovers.es\/wp-content\/plugins\/eventprime-event-calendar-management\/public\/partials\/images\/dummy-user.png\" alt=\"Dummy Image\">\r\n                <\/a>\r\n                                    <div class=\"ep-box-card-social ep-organizers-social\">                    <\/div>            <\/div>\r\n            <div class=\"ep-box-card-content\">\r\n                <div class=\"ep-box-title ep-box-card-title\">\r\n                    <a href=\"https:\/\/new.jamonlovers.es\/?page_id=16708&#038;organizer=2276\">\r\n                        XXVII EDIZIONE FESTIVAL DEL PROSCIUTTO DI PARMA                    <\/a>\r\n                <\/div>\r\n                <div class=\"ep-box-card-role ep-organizer-role\"><\/div>\r\n            <\/div>\r\n        <\/div>\r\n    <\/div>\r\n    <div class=\"ep-box-col-3 ep-col-md-6 ep-mb-3 ep-organizer-col-section\">\r\n        <div class=\"ep-box-card-item ep-bg-white\">\r\n            <div class=\"ep-box-card-thumb\" >\r\n                <a href=\"https:\/\/new.jamonlovers.es\/?page_id=16708&#038;organizer=2275\" class=\"ep-img-link\">\r\n                    <img decoding=\"async\" src=\"https:\/\/new.jamonlovers.es\/wp-content\/plugins\/eventprime-event-calendar-management\/public\/partials\/images\/dummy-user.png\" alt=\"Dummy Image\">\r\n                <\/a>\r\n                                    <div class=\"ep-box-card-social ep-organizers-social\">                    <\/div>            <\/div>\r\n            <div class=\"ep-box-card-content\">\r\n                <div class=\"ep-box-title ep-box-card-title\">\r\n                    <a href=\"https:\/\/new.jamonlovers.es\/?page_id=16708&#038;organizer=2275\">\r\n                        Ayuntamiento de Monesterio                    <\/a>\r\n                <\/div>\r\n                <div class=\"ep-box-card-role ep-organizer-role\"><\/div>\r\n            <\/div>\r\n        <\/div>\r\n    <\/div>\r\n            <\/div>\r\n        <\/div>\r\n    <\/div>\r\n<\/div> <\/div>\n","protected":false},"excerpt":{"rendered":"","protected":false},"author":1,"featured_media":0,"parent":0,"menu_order":0,"comment_status":"closed","ping_status":"closed","template":"","meta":{"_et_pb_use_builder":"","_et_pb_old_content":"","_et_gb_content_width":"","footnotes":""},"class_list":["post-16708","page","type-page","status-publish","hentry"],"aioseo_notices":[],"yoast_head":"<!-- This site is optimized with the Yoast SEO plugin v26.3 - https:\/\/yoast.com\/wordpress\/plugins\/seo\/ -->\n<title>Event Organizers - Jamon Lovers<\/title>\n<meta name=\"robots\" content=\"index, follow, max-snippet:-1, max-image-preview:large, max-video-preview:-1\" \/>\n<link rel=\"canonical\" href=\"https:\/\/new.jamonlovers.es\/?page_id=16708\" \/>\n<meta property=\"og:locale\" content=\"es_ES\" \/>\n<meta property=\"og:type\" content=\"article\" \/>\n<meta property=\"og:title\" content=\"Event Organizers - Jamon Lovers\" \/>\n<meta property=\"og:url\" content=\"https:\/\/new.jamonlovers.es\/?page_id=16708\" \/>\n<meta property=\"og:site_name\" content=\"Jamon Lovers\" \/>\n<meta name=\"twitter:card\" content=\"summary_large_image\" \/>\n<script type=\"application\/ld+json\" class=\"yoast-schema-graph\">{\"@context\":\"https:\/\/schema.org\",\"@graph\":[{\"@type\":\"WebPage\",\"@id\":\"https:\/\/new.jamonlovers.es\/?page_id=16708\",\"url\":\"https:\/\/new.jamonlovers.es\/?page_id=16708\",\"name\":\"Event Organizers - Jamon Lovers\",\"isPartOf\":{\"@id\":\"https:\/\/new.jamonlovers.es\/#website\"},\"datePublished\":\"2024-09-03T09:00:34+00:00\",\"breadcrumb\":{\"@id\":\"https:\/\/new.jamonlovers.es\/?page_id=16708#breadcrumb\"},\"inLanguage\":\"es\",\"potentialAction\":[{\"@type\":\"ReadAction\",\"target\":[\"https:\/\/new.jamonlovers.es\/?page_id=16708\"]}]},{\"@type\":\"BreadcrumbList\",\"@id\":\"https:\/\/new.jamonlovers.es\/?page_id=16708#breadcrumb\",\"itemListElement\":[{\"@type\":\"ListItem\",\"position\":1,\"name\":\"Portada\",\"item\":\"https:\/\/new.jamonlovers.es\/\"},{\"@type\":\"ListItem\",\"position\":2,\"name\":\"Event Organizers\"}]},{\"@type\":\"WebSite\",\"@id\":\"https:\/\/new.jamonlovers.es\/#website\",\"url\":\"https:\/\/new.jamonlovers.es\/\",\"name\":\"Jamon Lovers\",\"description\":\"Nuestra misi\u00f3n es conectar a las personas con el mundo del jam\u00f3n. Aprende sobre el jam\u00f3n, sus tipolog\u00edas, diferencias, noticias, tutoriales y curiosidades... todo sobre jam\u00f3n, jam\u00f3n serrano, jam\u00f3n ib\u00e9rico...\",\"potentialAction\":[{\"@type\":\"SearchAction\",\"target\":{\"@type\":\"EntryPoint\",\"urlTemplate\":\"https:\/\/new.jamonlovers.es\/?s={search_term_string}\"},\"query-input\":{\"@type\":\"PropertyValueSpecification\",\"valueRequired\":true,\"valueName\":\"search_term_string\"}}],\"inLanguage\":\"es\"}]}<\/script>\n<!-- \/ Yoast SEO plugin. -->","yoast_head_json":{"title":"Event Organizers - Jamon Lovers","robots":{"index":"index","follow":"follow","max-snippet":"max-snippet:-1","max-image-preview":"max-image-preview:large","max-video-preview":"max-video-preview:-1"},"canonical":"https:\/\/new.jamonlovers.es\/?page_id=16708","og_locale":"es_ES","og_type":"article","og_title":"Event Organizers - Jamon Lovers","og_url":"https:\/\/new.jamonlovers.es\/?page_id=16708","og_site_name":"Jamon Lovers","twitter_card":"summary_large_image","schema":{"@context":"https:\/\/schema.org","@graph":[{"@type":"WebPage","@id":"https:\/\/new.jamonlovers.es\/?page_id=16708","url":"https:\/\/new.jamonlovers.es\/?page_id=16708","name":"Event Organizers - Jamon Lovers","isPartOf":{"@id":"https:\/\/new.jamonlovers.es\/#website"},"datePublished":"2024-09-03T09:00:34+00:00","breadcrumb":{"@id":"https:\/\/new.jamonlovers.es\/?page_id=16708#breadcrumb"},"inLanguage":"es","potentialAction":[{"@type":"ReadAction","target":["https:\/\/new.jamonlovers.es\/?page_id=16708"]}]},{"@type":"BreadcrumbList","@id":"https:\/\/new.jamonlovers.es\/?page_id=16708#breadcrumb","itemListElement":[{"@type":"ListItem","position":1,"name":"Portada","item":"https:\/\/new.jamonlovers.es\/"},{"@type":"ListItem","position":2,"name":"Event Organizers"}]},{"@type":"WebSite","@id":"https:\/\/new.jamonlovers.es\/#website","url":"https:\/\/new.jamonlovers.es\/","name":"Jamon Lovers","description":"Nuestra misi\u00f3n es conectar a las personas con el mundo del jam\u00f3n. Aprende sobre el jam\u00f3n, sus tipolog\u00edas, diferencias, noticias, tutoriales y curiosidades... todo sobre jam\u00f3n, jam\u00f3n serrano, jam\u00f3n ib\u00e9rico...","potentialAction":[{"@type":"SearchAction","target":{"@type":"EntryPoint","urlTemplate":"https:\/\/new.jamonlovers.es\/?s={search_term_string}"},"query-input":{"@type":"PropertyValueSpecification","valueRequired":true,"valueName":"search_term_string"}}],"inLanguage":"es"}]}},"_links":{"self":[{"href":"https:\/\/new.jamonlovers.es\/index.php?rest_route=\/wp\/v2\/pages\/16708","targetHints":{"allow":["GET"]}}],"collection":[{"href":"https:\/\/new.jamonlovers.es\/index.php?rest_route=\/wp\/v2\/pages"}],"about":[{"href":"https:\/\/new.jamonlovers.es\/index.php?rest_route=\/wp\/v2\/types\/page"}],"author":[{"embeddable":true,"href":"https:\/\/new.jamonlovers.es\/index.php?rest_route=\/wp\/v2\/users\/1"}],"replies":[{"embeddable":true,"href":"https:\/\/new.jamonlovers.es\/index.php?rest_route=%2Fwp%2Fv2%2Fcomments&post=16708"}],"version-history":[{"count":0,"href":"https:\/\/new.jamonlovers.es\/index.php?rest_route=\/wp\/v2\/pages\/16708\/revisions"}],"wp:attachment":[{"href":"https:\/\/new.jamonlovers.es\/index.php?rest_route=%2Fwp%2Fv2%2Fmedia&parent=16708"}],"curies":[{"name":"wp","href":"https:\/\/api.w.org\/{rel}","templated":true}]}}